{"id":173,"date":"2025-04-07T19:01:31","date_gmt":"2025-04-07T19:01:31","guid":{"rendered":"https:\/\/gasescombustiveis.com.br\/seminario\/form\/?page_id=173"},"modified":"2025-10-22T13:45:15","modified_gmt":"2025-10-22T13:45:15","slug":"inscricao-o-encontro-tecnico-do-glp-2025","status":"publish","type":"page","link":"https:\/\/gasescombustiveis.com.br\/seminario\/form\/inscricao-o-encontro-tecnico-do-glp-2025\/","title":{"rendered":"Inscri\u00e7\u00e3o o Encontro T\u00e9cnico do GLP 2025"},"content":{"rendered":"<p style=\"text-align: center;\"><strong>S\u00c3O PAULO &#8211; SP\u00a0<\/strong><\/p>\n<p style=\"text-align: center;\">Esse \u00e9 o <strong>novo formul\u00e1rio de inscri\u00e7\u00e3o<\/strong> para o <strong>Encontro T\u00e9cnico do GLP 2025<\/strong>.<br \/>\nQualquer d\u00favida entre em contato!<\/p>\n<p style=\"text-align: center;\"><a href=\"https:\/\/gasescombustiveis.com.br\/encontroglp\">VOLTAR A HOME<\/a><\/p>\n<p style=\"text-align: center;\"><span style=\"color: #ff0000;\"><strong>Data limite das inscri\u00e7\u00f5es: 08 de dezembro at\u00e9 \u00e0s 12h<\/strong><\/span><\/p>\n<p style=\"text-align: center;\"><div id='ff_form_17' class='ff_form_not_render'>A Inscri\u00e7\u00e3o foi encerrada pela internet. Voc\u00ea poder\u00e1 se inscrever no local do evento.<\/div><\/p>\n<hr \/>\n<p style=\"text-align: center;\"><strong>Informa\u00e7\u00f5es:<\/strong><br \/>\nCelular: 11 99134-3555 \/ E-mail:\u00a0<a href=\"mailto:cb-009@abnt.org.br\">cb-009@abnt.org.br<\/a><\/p>\n<p style=\"text-align: center;\"><strong>Local do Evento:<\/strong><\/p>\n<p style=\"text-align: center;\"><strong>FAPCOM\u00a0<\/strong><strong>&#8211; Faculdade Paulus de Tecnologia e Comunica\u00e7\u00e3o<\/strong><br \/>\nRua Major Maragliano, 191 &#8211; Vila Mariana &#8211; S\u00e3o Paulo &#8211; SP<\/p>\n<p>&nbsp;<\/p>\n","protected":false},"excerpt":{"rendered":"<p>S\u00c3O PAULO &#8211; SP\u00a0 Esse \u00e9 o novo formul\u00e1rio de inscri\u00e7\u00e3o para o Encontro T\u00e9cnico do GLP 2025. Qualquer d\u00favida entre em contato! VOLTAR A HOME Data limite das inscri\u00e7\u00f5es: 08 de dezembro at\u00e9 \u00e0s 12h Informa\u00e7\u00f5es: Celular: 11 99134-3555 \/ E-mail:\u00a0cb-009@abnt.org.br Local do Evento: FAPCOM\u00a0&#8211; Faculdade Paulus de Tecnologia e Comunica\u00e7\u00e3o Rua Major Maragliano, [&hellip;]<\/p>\n","protected":false},"author":1,"featured_media":0,"parent":0,"menu_order":0,"comment_status":"closed","ping_status":"closed","template":"","meta":{"footnotes":""},"class_list":["post-173","page","type-page","status-publish","hentry"],"_links":{"self":[{"href":"https:\/\/gasescombustiveis.com.br\/seminario\/form\/wp-json\/wp\/v2\/pages\/173","targetHints":{"allow":["GET"]}}],"collection":[{"href":"https:\/\/gasescombustiveis.com.br\/seminario\/form\/wp-json\/wp\/v2\/pages"}],"about":[{"href":"https:\/\/gasescombustiveis.com.br\/seminario\/form\/wp-json\/wp\/v2\/types\/page"}],"author":[{"embeddable":true,"href":"https:\/\/gasescombustiveis.com.br\/seminario\/form\/wp-json\/wp\/v2\/users\/1"}],"replies":[{"embeddable":true,"href":"https:\/\/gasescombustiveis.com.br\/seminario\/form\/wp-json\/wp\/v2\/comments?post=173"}],"version-history":[{"count":3,"href":"https:\/\/gasescombustiveis.com.br\/seminario\/form\/wp-json\/wp\/v2\/pages\/173\/revisions"}],"predecessor-version":[{"id":255,"href":"https:\/\/gasescombustiveis.com.br\/seminario\/form\/wp-json\/wp\/v2\/pages\/173\/revisions\/255"}],"wp:attachment":[{"href":"https:\/\/gasescombustiveis.com.br\/seminario\/form\/wp-json\/wp\/v2\/media?parent=173"}],"curies":[{"name":"wp","href":"https:\/\/api.w.org\/{rel}","templated":true}]}}