{"id":290,"date":"2026-03-04T15:28:48","date_gmt":"2026-03-04T15:28:48","guid":{"rendered":"https:\/\/gasescombustiveis.com.br\/seminario\/form\/?page_id=290"},"modified":"2026-03-04T15:28:55","modified_gmt":"2026-03-04T15:28:55","slug":"inscricao-180o-seminario-tecnico","status":"publish","type":"page","link":"https:\/\/gasescombustiveis.com.br\/seminario\/form\/inscricao-180o-seminario-tecnico\/","title":{"rendered":"Inscri\u00e7\u00e3o &#8211; 180\u00ba Semin\u00e1rio T\u00e9cnico"},"content":{"rendered":"<p style=\"text-align: center;\"><strong>ARACAJU &#8211; SE<\/strong><\/p>\n<p style=\"text-align: center;\"><strong>Formul\u00e1rio de inscri\u00e7\u00e3o<\/strong> para os semin\u00e1rios t\u00e9cnicos.<br \/>\nQualquer d\u00favida entre em contato!<\/p>\n<p style=\"text-align: center;\"><a href=\"https:\/\/gasescombustiveis.com.br\/seminario\/180\">VOLTAR A HOME<\/a><\/p>\n<p style=\"text-align: center;\"><span style=\"color: #ff0000;\"><strong>Data limite das inscri\u00e7\u00f5es: 20 de abril at\u00e9 \u00e0s 12h<\/strong><\/span><\/p>\n<p style=\"text-align: center;\"><div id='ff_form_29' class='ff_form_not_render'>A Inscri\u00e7\u00e3o foi encerrada pela internet. \nNovas inscri\u00e7\u00f5es poder\u00e3o ser feitas no local e data do evento.<\/div><\/p>\n<hr \/>\n<p style=\"text-align: center;\"><strong>Informa\u00e7\u00f5es:<\/strong><br \/>\nCelular: 11 99134-3555 \/ E-mail:\u00a0<a href=\"mailto:cb-009@abnt.org.br\">cb-009@abnt.org.br<\/a><\/p>\n<p style=\"text-align: center;\"><strong>Local do Evento:<\/strong><\/p>\n<p style=\"text-align: center;\"><strong>CENTRO DE CONVEN\u00c7\u00d5ES AM MALLS<\/strong><br \/>\nAv. Presidente Tancredo Neves, 4444 \u2013 In\u00e1cio Barbosa<br \/>\n49040-000 &#8211; Aracaju &#8211; SE<\/p>\n<p>&nbsp;<\/p>\n","protected":false},"excerpt":{"rendered":"<p>ARACAJU &#8211; SE Formul\u00e1rio de inscri\u00e7\u00e3o para os semin\u00e1rios t\u00e9cnicos. Qualquer d\u00favida entre em contato! VOLTAR A HOME Data limite das inscri\u00e7\u00f5es: 20 de abril at\u00e9 \u00e0s 12h Informa\u00e7\u00f5es: Celular: 11 99134-3555 \/ E-mail:\u00a0cb-009@abnt.org.br Local do Evento: CENTRO DE CONVEN\u00c7\u00d5ES AM MALLS Av. Presidente Tancredo Neves, 4444 \u2013 In\u00e1cio Barbosa 49040-000 &#8211; Aracaju &#8211; SE [&hellip;]<\/p>\n","protected":false},"author":1,"featured_media":0,"parent":0,"menu_order":0,"comment_status":"closed","ping_status":"closed","template":"","meta":{"footnotes":""},"class_list":["post-290","page","type-page","status-publish","hentry"],"_links":{"self":[{"href":"https:\/\/gasescombustiveis.com.br\/seminario\/form\/wp-json\/wp\/v2\/pages\/290","targetHints":{"allow":["GET"]}}],"collection":[{"href":"https:\/\/gasescombustiveis.com.br\/seminario\/form\/wp-json\/wp\/v2\/pages"}],"about":[{"href":"https:\/\/gasescombustiveis.com.br\/seminario\/form\/wp-json\/wp\/v2\/types\/page"}],"author":[{"embeddable":true,"href":"https:\/\/gasescombustiveis.com.br\/seminario\/form\/wp-json\/wp\/v2\/users\/1"}],"replies":[{"embeddable":true,"href":"https:\/\/gasescombustiveis.com.br\/seminario\/form\/wp-json\/wp\/v2\/comments?post=290"}],"version-history":[{"count":2,"href":"https:\/\/gasescombustiveis.com.br\/seminario\/form\/wp-json\/wp\/v2\/pages\/290\/revisions"}],"predecessor-version":[{"id":292,"href":"https:\/\/gasescombustiveis.com.br\/seminario\/form\/wp-json\/wp\/v2\/pages\/290\/revisions\/292"}],"wp:attachment":[{"href":"https:\/\/gasescombustiveis.com.br\/seminario\/form\/wp-json\/wp\/v2\/media?parent=290"}],"curies":[{"name":"wp","href":"https:\/\/api.w.org\/{rel}","templated":true}]}}