{"id":311,"date":"2026-04-23T22:29:54","date_gmt":"2026-04-23T22:29:54","guid":{"rendered":"https:\/\/gasescombustiveis.com.br\/seminario\/form\/?page_id=311"},"modified":"2026-04-23T22:33:30","modified_gmt":"2026-04-23T22:33:30","slug":"inscricao-182o-seminario-tecnico","status":"publish","type":"page","link":"https:\/\/gasescombustiveis.com.br\/seminario\/form\/inscricao-182o-seminario-tecnico\/","title":{"rendered":"Inscri\u00e7\u00e3o &#8211; 182\u00ba Semin\u00e1rio T\u00e9cnico"},"content":{"rendered":"<p style=\"text-align: center;\"><strong>RECIFE &#8211; PE<\/strong><\/p>\n<p style=\"text-align: center;\"><strong>Formul\u00e1rio de inscri\u00e7\u00e3o<\/strong> para os semin\u00e1rios t\u00e9cnicos.<br \/>\nQualquer d\u00favida entre em contato!<\/p>\n<p style=\"text-align: center;\"><a href=\"https:\/\/gasescombustiveis.com.br\/seminario\/182\">VOLTAR A HOME<\/a><\/p>\n<p style=\"text-align: center;\"><span style=\"color: #ff0000;\"><strong>Data limite das inscri\u00e7\u00f5es: 16 de junho at\u00e9 \u00e0s 12h<\/strong><\/span><\/p>\n<p style=\"text-align: center;\"><div class='fluentform ff-default fluentform_wrapper_31 ffs_default_wrap'><form data-form_id=\"31\" id=\"fluentform_31\" class=\"frm-fluent-form fluent_form_31 ff-el-form-top ff_form_instance_31_1 ff-form-loading ffs_default\" data-form_instance=\"ff_form_instance_31_1\" method=\"POST\" ><fieldset  style=\"border: none!important;margin: 0!important;padding: 0!important;background-color: transparent!important;box-shadow: none!important;outline: none!important; min-inline-size: 100%;\">\n                    <legend class=\"ff_screen_reader_title\" style=\"display: block; margin: 0!important;padding: 0!important;height: 0!important;text-indent: -999999px;width: 0!important;overflow:hidden;\">182 Semin\u00e1rio T\u00e9cnico<\/legend><p style=\"display: none !important;\" class=\"akismet-fields-container\" data-prefix=\"ak_\"><label>&#916;<textarea name=\"ak_hp_textarea\" cols=\"45\" rows=\"8\" maxlength=\"100\"><\/textarea><\/label><input type=\"hidden\" id=\"ak_js_1\" name=\"ak_js\" value=\"186\"\/><script>document.getElementById( \"ak_js_1\" ).setAttribute( \"value\", ( new Date() ).getTime() );<\/script><\/p><input type='hidden' name='__fluent_form_embded_post_id' value='311' \/><input type=\"hidden\" id=\"_fluentform_31_fluentformnonce\" name=\"_fluentform_31_fluentformnonce\" value=\"5442a1d6ea\" \/><input type=\"hidden\" name=\"_wp_http_referer\" value=\"\/seminario\/form\/wp-json\/wp\/v2\/pages\/311\" \/><div data-type=\"name-element\" data-name=\"names\" class=\" ff-field_container ff-name-field-wrapper\" ><div class='ff-t-container'><div class='ff-t-cell '><div class='ff-el-group'><div class=\"ff-el-input--label ff-el-is-required asterisk-right\"><label for='ff_31_names_first_name_' id='label_ff_31_names_first_name_' >NOME COMPLETO<\/label><\/div><div class='ff-el-input--content'><input type=\"text\" name=\"names[first_name]\" id=\"ff_31_names_first_name_\" class=\"ff-el-form-control\" aria-invalid=\"false\" aria-required=true><\/div><\/div><\/div><\/div><\/div><div data-type=\"name-element\" data-name=\"names_1\" class=\" ff-field_container ff-name-field-wrapper\" ><div class='ff-t-container'><div class='ff-t-cell '><div class='ff-el-group ff-el-form-top'><div class=\"ff-el-input--label ff-el-is-required asterisk-right\"><label for='ff_31_names_1_first_name_' id='label_ff_31_names_1_first_name_' >NOME PARA CRACH\u00c1<\/label><\/div><div class='ff-el-input--content'><input type=\"text\" name=\"names_1[first_name]\" id=\"ff_31_names_1_first_name_\" class=\"ff-el-form-control\" aria-invalid=\"false\" aria-required=true><\/div><\/div><\/div><\/div><\/div><div class='ff-el-group'><div class=\"ff-el-input--label ff-el-is-required asterisk-right\"><label for='ff_31_input_text' id='label_ff_31_input_text' aria-label=\"EMPRESA\/INSTITUI\u00c7\u00c3O\">EMPRESA\/INSTITUI\u00c7\u00c3O<\/label><\/div><div class='ff-el-input--content'><input type=\"text\" name=\"input_text\" class=\"ff-el-form-control\" data-name=\"input_text\" id=\"ff_31_input_text\"  aria-invalid=\"false\" aria-required=true><\/div><\/div><div class='ff-el-group'><div class=\"ff-el-input--label ff-el-is-required asterisk-right\"><label for='ff_31_input_text_1' id='label_ff_31_input_text_1' aria-label=\"EMPRESA PARA CRACH\u00c1\">EMPRESA PARA CRACH\u00c1<\/label><\/div><div class='ff-el-input--content'><input type=\"text\" name=\"input_text_1\" class=\"ff-el-form-control\" data-name=\"input_text_1\" id=\"ff_31_input_text_1\"  aria-invalid=\"false\" aria-required=true><\/div><\/div><div class='ff-el-group'><div class=\"ff-el-input--label ff-el-is-required asterisk-right\"><label for='ff_31_input_text_2' id='label_ff_31_input_text_2' aria-label=\"CIDADE\">CIDADE<\/label><\/div><div class='ff-el-input--content'><input type=\"text\" name=\"input_text_2\" class=\"ff-el-form-control\" data-name=\"input_text_2\" id=\"ff_31_input_text_2\"  aria-invalid=\"false\" aria-required=true><\/div><\/div><div class='ff-el-group'><div class=\"ff-el-input--label ff-el-is-required asterisk-right\"><label for='ff_31_input_text_3' id='label_ff_31_input_text_3' aria-label=\"TELEFONE\">TELEFONE<\/label><\/div><div class='ff-el-input--content'><input type=\"text\" name=\"input_text_3\" class=\"ff-el-form-control\" placeholder=\"(11) 99999-9999\" data-name=\"input_text_3\" id=\"ff_31_input_text_3\"  aria-invalid=\"false\" aria-required=true><\/div><\/div><div class='ff-el-group'><div class=\"ff-el-input--label ff-el-is-required asterisk-right\"><label for='ff_31_email' id='label_ff_31_email' aria-label=\"E-MAIL\">E-MAIL<\/label><\/div><div class='ff-el-input--content'><input type=\"email\" name=\"email\" id=\"ff_31_email\" class=\"ff-el-form-control\" data-name=\"email\"  aria-invalid=\"false\" aria-required=true><\/div><\/div><div class='ff-el-group    ff-el-input--content'><div class='ff-el-form-check ff-el-tc'><label aria-label='&quot;Autorizo o uso das informa\u00e7\u00f5es fornecidas, apenas para efeito da minha inscri\u00e7\u00e3o, n\u00e3o podendo as mesmas serem fornecidas ou utilizadas para\u00a0outros\u00a0fins&quot;.' class='ff-el-form-check-label ff_tc_label' for=gdpr-agreement_bed923bfa718aa6b8e41d7c8b32eb399><span class='ff_tc_checkbox'><input type=\"checkbox\" name=\"gdpr-agreement\" class=\"ff-el-form-check-input ff_gdpr_field\" data-name=\"gdpr-agreement\" id=\"gdpr-agreement_bed923bfa718aa6b8e41d7c8b32eb399\"  value='on' aria-invalid='false' aria-required=true><\/span> <div class='ff_t_c'>\"Autorizo o uso das informa\u00e7\u00f5es fornecidas, apenas para efeito da minha inscri\u00e7\u00e3o, n\u00e3o podendo as mesmas serem fornecidas ou utilizadas para\u00a0outros\u00a0fins\".<\/div><\/label><\/div><\/div><div class='ff-el-group ff-text-left ff_submit_btn_wrapper'><button type=\"submit\" class=\"ff-btn ff-btn-submit ff-btn-md ff_btn_style\"  aria-label=\"ENVIAR\">ENVIAR<\/button><\/div><\/fieldset><\/form><div id='fluentform_31_errors' class='ff-errors-in-stack ff_form_instance_31_1 ff-form-loading_errors ff_form_instance_31_1_errors'><\/div><\/div>            <script type=\"text\/javascript\">\n                window.fluent_form_ff_form_instance_31_1 = {\"id\":\"31\",\"ajaxUrl\":\"https:\\\/\\\/gasescombustiveis.com.br\\\/seminario\\\/form\\\/wp-admin\\\/admin-ajax.php\",\"settings\":{\"layout\":{\"labelPlacement\":\"top\",\"helpMessagePlacement\":\"with_label\",\"errorMessagePlacement\":\"inline\",\"cssClassName\":\"\",\"asteriskPlacement\":\"asterisk-right\"},\"restrictions\":{\"denyEmptySubmission\":{\"enabled\":false}}},\"form_instance\":\"ff_form_instance_31_1\",\"form_id_selector\":\"fluentform_31\",\"rules\":{\"names[first_name]\":{\"required\":{\"value\":true,\"message\":\"Este campo \\u00e9 obrigat\\u00f3rio\",\"global\":true,\"global_message\":\"Este campo \\u00e9 obrigat\\u00f3rio\"}},\"names[middle_name]\":{\"required\":{\"value\":false,\"message\":\"Este campo \\u00e9 obrigat\\u00f3rio\",\"global\":true,\"global_message\":\"Este campo \\u00e9 obrigat\\u00f3rio\"}},\"names[last_name]\":{\"required\":{\"value\":false,\"message\":\"Este campo \\u00e9 obrigat\\u00f3rio\",\"global\":true,\"global_message\":\"Este campo \\u00e9 obrigat\\u00f3rio\"}},\"names_1[first_name]\":{\"required\":{\"value\":true,\"message\":\"Este campo \\u00e9 obrigat\\u00f3rio\",\"global_message\":\"Este campo \\u00e9 obrigat\\u00f3rio\",\"global\":true}},\"names_1[middle_name]\":{\"required\":{\"value\":false,\"message\":\"Este campo \\u00e9 obrigat\\u00f3rio\",\"global_message\":\"Este campo \\u00e9 obrigat\\u00f3rio\",\"global\":true}},\"names_1[last_name]\":{\"required\":{\"value\":false,\"message\":\"Este campo \\u00e9 obrigat\\u00f3rio\",\"global_message\":\"Este campo \\u00e9 obrigat\\u00f3rio\",\"global\":true}},\"input_text\":{\"required\":{\"value\":true,\"message\":\"Este campo \\u00e9 obrigat\\u00f3rio\",\"global_message\":\"Este campo \\u00e9 obrigat\\u00f3rio\",\"global\":true}},\"input_text_1\":{\"required\":{\"value\":true,\"message\":\"Este campo \\u00e9 obrigat\\u00f3rio\",\"global_message\":\"Este campo \\u00e9 obrigat\\u00f3rio\",\"global\":true}},\"input_text_2\":{\"required\":{\"value\":true,\"message\":\"Este campo \\u00e9 obrigat\\u00f3rio\",\"global_message\":\"Este campo \\u00e9 obrigat\\u00f3rio\",\"global\":true}},\"input_text_3\":{\"required\":{\"value\":true,\"message\":\"Este campo \\u00e9 obrigat\\u00f3rio\",\"global_message\":\"Este campo \\u00e9 obrigat\\u00f3rio\",\"global\":true}},\"email\":{\"required\":{\"value\":true,\"message\":\"Este campo \\u00e9 obrigat\\u00f3rio\",\"global\":true,\"global_message\":\"Este campo \\u00e9 obrigat\\u00f3rio\"},\"email\":{\"value\":true,\"message\":\"Este campo deve conter um e-mail v\\u00e1lido\",\"global\":true,\"global_message\":\"Este campo deve conter um e-mail v\\u00e1lido\"}},\"gdpr-agreement\":{\"required\":{\"value\":true,\"message\":\"Este campo \\u00e9 obrigat\\u00f3rio\",\"global_message\":\"Este campo \\u00e9 obrigat\\u00f3rio\",\"global\":false}}},\"debounce_time\":300};\n                            <\/script>\n            <\/p>\n<hr \/>\n<p style=\"text-align: center;\"><strong>Informa\u00e7\u00f5es:<\/strong><br \/>\nCelular: 11 99134-3555 \/ E-mail:\u00a0<a href=\"mailto:cb-009@abnt.org.br\">cb-009@abnt.org.br<\/a><\/p>\n<p style=\"text-align: center;\"><strong>Local do Evento:<\/strong><\/p>\n<p style=\"text-align: center;\"><strong>CENTRO DE EVENTOS RECIFE<\/strong><br \/>\nAv. Marechal Mascarenhas de Morais, 4861 \u2013 Imbiribeira<br \/>\n51150-000 &#8211; Recife &#8211; PE<\/p>\n<p>&nbsp;<\/p>\n","protected":false},"excerpt":{"rendered":"<p>RECIFE &#8211; PE Formul\u00e1rio de inscri\u00e7\u00e3o para os semin\u00e1rios t\u00e9cnicos. Qualquer d\u00favida entre em contato! VOLTAR A HOME Data limite das inscri\u00e7\u00f5es: 16 de junho at\u00e9 \u00e0s 12h Informa\u00e7\u00f5es: Celular: 11 99134-3555 \/ E-mail:\u00a0cb-009@abnt.org.br Local do Evento: CENTRO DE EVENTOS RECIFE Av. Marechal Mascarenhas de Morais, 4861 \u2013 Imbiribeira 51150-000 &#8211; Recife &#8211; PE &nbsp;<\/p>\n","protected":false},"author":1,"featured_media":0,"parent":0,"menu_order":0,"comment_status":"closed","ping_status":"closed","template":"","meta":{"footnotes":""},"class_list":["post-311","page","type-page","status-publish","hentry"],"_links":{"self":[{"href":"https:\/\/gasescombustiveis.com.br\/seminario\/form\/wp-json\/wp\/v2\/pages\/311","targetHints":{"allow":["GET"]}}],"collection":[{"href":"https:\/\/gasescombustiveis.com.br\/seminario\/form\/wp-json\/wp\/v2\/pages"}],"about":[{"href":"https:\/\/gasescombustiveis.com.br\/seminario\/form\/wp-json\/wp\/v2\/types\/page"}],"author":[{"embeddable":true,"href":"https:\/\/gasescombustiveis.com.br\/seminario\/form\/wp-json\/wp\/v2\/users\/1"}],"replies":[{"embeddable":true,"href":"https:\/\/gasescombustiveis.com.br\/seminario\/form\/wp-json\/wp\/v2\/comments?post=311"}],"version-history":[{"count":4,"href":"https:\/\/gasescombustiveis.com.br\/seminario\/form\/wp-json\/wp\/v2\/pages\/311\/revisions"}],"predecessor-version":[{"id":315,"href":"https:\/\/gasescombustiveis.com.br\/seminario\/form\/wp-json\/wp\/v2\/pages\/311\/revisions\/315"}],"wp:attachment":[{"href":"https:\/\/gasescombustiveis.com.br\/seminario\/form\/wp-json\/wp\/v2\/media?parent=311"}],"curies":[{"name":"wp","href":"https:\/\/api.w.org\/{rel}","templated":true}]}}