{"id":6150,"date":"2026-03-30T12:57:44","date_gmt":"2026-03-30T15:57:44","guid":{"rendered":"https:\/\/gasescombustiveis.com.br\/seminario\/galeria\/?page_id=6150"},"modified":"2026-03-30T12:57:44","modified_gmt":"2026-03-30T15:57:44","slug":"181o-seminario-tecnico","status":"publish","type":"page","link":"https:\/\/gasescombustiveis.com.br\/seminario\/galeria\/181o-seminario-tecnico\/","title":{"rendered":"181\u00ba Semin\u00e1rio T\u00e9cnico"},"content":{"rendered":"<p>As fotos ser\u00e3o disponibilizados ap\u00f3s o evento<\/p>\n","protected":false},"excerpt":{"rendered":"<p>As fotos ser\u00e3o disponibilizados ap\u00f3s o evento<\/p>\n","protected":false},"author":1,"featured_media":0,"parent":0,"menu_order":0,"comment_status":"closed","ping_status":"closed","template":"","meta":{"footnotes":""},"class_list":["post-6150","page","type-page","status-publish","hentry"],"_links":{"self":[{"href":"https:\/\/gasescombustiveis.com.br\/seminario\/galeria\/wp-json\/wp\/v2\/pages\/6150","targetHints":{"allow":["GET"]}}],"collection":[{"href":"https:\/\/gasescombustiveis.com.br\/seminario\/galeria\/wp-json\/wp\/v2\/pages"}],"about":[{"href":"https:\/\/gasescombustiveis.com.br\/seminario\/galeria\/wp-json\/wp\/v2\/types\/page"}],"author":[{"embeddable":true,"href":"https:\/\/gasescombustiveis.com.br\/seminario\/galeria\/wp-json\/wp\/v2\/users\/1"}],"replies":[{"embeddable":true,"href":"https:\/\/gasescombustiveis.com.br\/seminario\/galeria\/wp-json\/wp\/v2\/comments?post=6150"}],"version-history":[{"count":1,"href":"https:\/\/gasescombustiveis.com.br\/seminario\/galeria\/wp-json\/wp\/v2\/pages\/6150\/revisions"}],"predecessor-version":[{"id":6151,"href":"https:\/\/gasescombustiveis.com.br\/seminario\/galeria\/wp-json\/wp\/v2\/pages\/6150\/revisions\/6151"}],"wp:attachment":[{"href":"https:\/\/gasescombustiveis.com.br\/seminario\/galeria\/wp-json\/wp\/v2\/media?parent=6150"}],"curies":[{"name":"wp","href":"https:\/\/api.w.org\/{rel}","templated":true}]}}