{"id":6153,"date":"2026-04-23T19:38:51","date_gmt":"2026-04-23T22:38:51","guid":{"rendered":"https:\/\/gasescombustiveis.com.br\/seminario\/galeria\/?page_id=6153"},"modified":"2026-04-23T19:38:51","modified_gmt":"2026-04-23T22:38:51","slug":"182o-seminario-tecnico","status":"publish","type":"page","link":"https:\/\/gasescombustiveis.com.br\/seminario\/galeria\/182o-seminario-tecnico\/","title":{"rendered":"182\u00ba Semin\u00e1rio T\u00e9cnico"},"content":{"rendered":"<p>As fotos ser\u00e3o disponibilizados ap\u00f3s o evento<\/p>\n","protected":false},"excerpt":{"rendered":"<p>As fotos ser\u00e3o disponibilizados ap\u00f3s o evento<\/p>\n","protected":false},"author":1,"featured_media":0,"parent":0,"menu_order":0,"comment_status":"closed","ping_status":"closed","template":"","meta":{"footnotes":""},"class_list":["post-6153","page","type-page","status-publish","hentry"],"_links":{"self":[{"href":"https:\/\/gasescombustiveis.com.br\/seminario\/galeria\/wp-json\/wp\/v2\/pages\/6153","targetHints":{"allow":["GET"]}}],"collection":[{"href":"https:\/\/gasescombustiveis.com.br\/seminario\/galeria\/wp-json\/wp\/v2\/pages"}],"about":[{"href":"https:\/\/gasescombustiveis.com.br\/seminario\/galeria\/wp-json\/wp\/v2\/types\/page"}],"author":[{"embeddable":true,"href":"https:\/\/gasescombustiveis.com.br\/seminario\/galeria\/wp-json\/wp\/v2\/users\/1"}],"replies":[{"embeddable":true,"href":"https:\/\/gasescombustiveis.com.br\/seminario\/galeria\/wp-json\/wp\/v2\/comments?post=6153"}],"version-history":[{"count":1,"href":"https:\/\/gasescombustiveis.com.br\/seminario\/galeria\/wp-json\/wp\/v2\/pages\/6153\/revisions"}],"predecessor-version":[{"id":6154,"href":"https:\/\/gasescombustiveis.com.br\/seminario\/galeria\/wp-json\/wp\/v2\/pages\/6153\/revisions\/6154"}],"wp:attachment":[{"href":"https:\/\/gasescombustiveis.com.br\/seminario\/galeria\/wp-json\/wp\/v2\/media?parent=6153"}],"curies":[{"name":"wp","href":"https:\/\/api.w.org\/{rel}","templated":true}]}}